{"id":13,"date":"2026-02-20T11:36:55","date_gmt":"2026-02-20T10:36:55","guid":{"rendered":"https:\/\/bkn-plomberie.fr\/?page_id=13"},"modified":"2026-03-11T16:40:13","modified_gmt":"2026-03-11T15:40:13","slug":"realisations","status":"publish","type":"page","link":"https:\/\/bkn-plomberie.fr\/index.php\/realisations\/","title":{"rendered":"R\u00e9alisations"},"content":{"rendered":"\t\t<div data-elementor-type=\"wp-page\" data-elementor-id=\"13\" class=\"elementor elementor-13\">\n\t\t\t\t<div class=\"elementor-element elementor-element-b38104b e-flex e-con-boxed e-con e-parent\" data-id=\"b38104b\" data-element_type=\"container\" data-e-type=\"container\">\n\t\t\t\t\t<div class=\"e-con-inner\">\n\t\t\t\t<div class=\"elementor-element elementor-element-510b629 elementor-widget elementor-widget-heading\" data-id=\"510b629\" data-element_type=\"widget\" data-e-type=\"widget\" data-widget_type=\"heading.default\">\n\t\t\t\t\t<h2 class=\"elementor-heading-title elementor-size-default\">Nos r\u00e9alisations en plomberie \u00e0 Lyon<\/h2>\t\t\t\t<\/div>\n\t\t\t\t<div class=\"elementor-element elementor-element-49ffef0 elementor-widget elementor-widget-text-editor\" data-id=\"49ffef0\" data-element_type=\"widget\" data-e-type=\"widget\" data-widget_type=\"text-editor.default\">\n\t\t\t\t\t\t\t\t\t<p>D\u00e9couvrez quelques exemples d\u2019interventions r\u00e9alis\u00e9es par notre entreprise de plomberie \u00e0 Lyon et dans les communes alentours. Nous intervenons aussi bien pour des d\u00e9pannages urgents que pour des installations sanitaires ou des r\u00e9novations compl\u00e8tes de salle de bain.<\/p>\t\t\t\t\t\t\t\t<\/div>\n\t\t\t\t<div class=\"elementor-element elementor-element-dc237ad elementor-arrows-position-inside elementor-widget elementor-widget-image-carousel\" data-id=\"dc237ad\" data-element_type=\"widget\" data-e-type=\"widget\" data-settings=\"{&quot;slides_to_show&quot;:&quot;1&quot;,&quot;navigation&quot;:&quot;arrows&quot;,&quot;autoplay&quot;:&quot;yes&quot;,&quot;pause_on_hover&quot;:&quot;yes&quot;,&quot;pause_on_interaction&quot;:&quot;yes&quot;,&quot;autoplay_speed&quot;:5000,&quot;infinite&quot;:&quot;yes&quot;,&quot;effect&quot;:&quot;slide&quot;,&quot;speed&quot;:500}\" data-widget_type=\"image-carousel.default\">\n\t\t\t\t\t\t\t<div class=\"elementor-image-carousel-wrapper swiper\" role=\"region\" aria-roledescription=\"carousel\" aria-label=\"Carrousel d\u2019images\" dir=\"ltr\">\n\t\t\t<div class=\"elementor-image-carousel swiper-wrapper\" aria-live=\"off\">\n\t\t\t\t\t\t\t\t<div class=\"swiper-slide\" role=\"group\" aria-roledescription=\"slide\" aria-label=\"1 sur 4\"><figure class=\"swiper-slide-inner\"><img decoding=\"async\" class=\"swiper-slide-image\" src=\"https:\/\/bkn-plomberie.fr\/wp-content\/uploads\/2026\/03\/1C924DFF-7D75-41FC-9C95-B3F6D19E3C19-1024x683.png\" alt=\"Pose de robinetterie\" \/><figcaption class=\"elementor-image-carousel-caption\">Pose de robinetterie<\/figcaption><\/figure><\/div><div class=\"swiper-slide\" role=\"group\" aria-roledescription=\"slide\" aria-label=\"2 sur 4\"><figure class=\"swiper-slide-inner\"><img decoding=\"async\" class=\"swiper-slide-image\" src=\"https:\/\/bkn-plomberie.fr\/wp-content\/uploads\/2026\/03\/36CC2CA6-49E3-4599-B7BE-D45DEDEAC7DD-1024x683.png\" alt=\"Nouveau chauffe-eau\" \/><figcaption class=\"elementor-image-carousel-caption\">Nouveau chauffe-eau<\/figcaption><\/figure><\/div><div class=\"swiper-slide\" role=\"group\" aria-roledescription=\"slide\" aria-label=\"3 sur 4\"><figure class=\"swiper-slide-inner\"><img decoding=\"async\" class=\"swiper-slide-image\" src=\"https:\/\/bkn-plomberie.fr\/wp-content\/uploads\/2026\/03\/730AFE9B-C2FB-47F6-B906-4974DCE1831D-1024x683.png\" alt=\"Salle de bain compl\u00e8te\" \/><figcaption class=\"elementor-image-carousel-caption\">Salle de bain compl\u00e8te<\/figcaption><\/figure><\/div><div class=\"swiper-slide\" role=\"group\" aria-roledescription=\"slide\" aria-label=\"4 sur 4\"><figure class=\"swiper-slide-inner\"><img decoding=\"async\" class=\"swiper-slide-image\" src=\"https:\/\/bkn-plomberie.fr\/wp-content\/uploads\/2026\/03\/E4E04CC6-50CF-4242-8882-62C7D8DBCE3F-1024x683.png\" alt=\"WC Suspendu\" \/><figcaption class=\"elementor-image-carousel-caption\">WC Suspendu <\/figcaption><\/figure><\/div>\t\t\t<\/div>\n\t\t\t\t\t\t\t\t\t\t\t\t<div class=\"elementor-swiper-button elementor-swiper-button-prev\" role=\"button\" tabindex=\"0\">\n\t\t\t\t\t\t<svg aria-hidden=\"true\" class=\"e-font-icon-svg e-eicon-chevron-left\" viewBox=\"0 0 1000 1000\" xmlns=\"http:\/\/www.w3.org\/2000\/svg\"><path d=\"M646 125C629 125 613 133 604 142L308 442C296 454 292 471 292 487 292 504 296 521 308 533L604 854C617 867 629 875 646 875 663 875 679 871 692 858 704 846 713 829 713 812 713 796 708 779 692 767L438 487 692 225C700 217 708 204 708 187 708 171 704 154 692 142 675 129 663 125 646 125Z\"><\/path><\/svg>\t\t\t\t\t<\/div>\n\t\t\t\t\t<div class=\"elementor-swiper-button elementor-swiper-button-next\" role=\"button\" tabindex=\"0\">\n\t\t\t\t\t\t<svg aria-hidden=\"true\" class=\"e-font-icon-svg e-eicon-chevron-right\" viewBox=\"0 0 1000 1000\" xmlns=\"http:\/\/www.w3.org\/2000\/svg\"><path d=\"M696 533C708 521 713 504 713 487 713 471 708 454 696 446L400 146C388 133 375 125 354 125 338 125 325 129 313 142 300 154 292 171 292 187 292 204 296 221 308 233L563 492 304 771C292 783 288 800 288 817 288 833 296 850 308 863 321 871 338 875 354 875 371 875 388 867 400 854L696 533Z\"><\/path><\/svg>\t\t\t\t\t<\/div>\n\t\t\t\t\n\t\t\t\t\t\t\t\t\t<\/div>\n\t\t\t\t\t\t<\/div>\n\t\t\t\t\t<\/div>\n\t\t\t\t<\/div>\n\t\t<div class=\"elementor-element elementor-element-ea521cf e-con-full e-flex e-con e-parent\" data-id=\"ea521cf\" data-element_type=\"container\" data-e-type=\"container\" data-settings=\"{&quot;background_background&quot;:&quot;classic&quot;}\">\n\t\t<div class=\"elementor-element elementor-element-dc4ef52 e-flex e-con-boxed e-con e-child\" data-id=\"dc4ef52\" data-element_type=\"container\" data-e-type=\"container\" data-settings=\"{&quot;background_background&quot;:&quot;classic&quot;}\">\n\t\t\t\t\t<div class=\"e-con-inner\">\n\t\t<div class=\"elementor-element elementor-element-20262a9 e-con-full e-flex e-con e-child\" data-id=\"20262a9\" data-element_type=\"container\" data-e-type=\"container\" data-settings=\"{&quot;background_background&quot;:&quot;classic&quot;}\">\n\t\t<div class=\"elementor-element elementor-element-246083b e-con-full e-flex e-con e-child\" data-id=\"246083b\" data-element_type=\"container\" data-e-type=\"container\" data-settings=\"{&quot;background_background&quot;:&quot;classic&quot;}\">\n\t\t\t\t<div class=\"elementor-element elementor-element-2b6ee09 elementor-widget elementor-widget-heading\" data-id=\"2b6ee09\" data-element_type=\"widget\" data-e-type=\"widget\" data-widget_type=\"heading.default\">\n\t\t\t\t\t<h2 class=\"elementor-heading-title elementor-size-default\">Besoin d'un plombier \u00e0 Lyon ? <\/h2>\t\t\t\t<\/div>\n\t\t\t\t<div class=\"elementor-element elementor-element-e05edd9 elementor-widget elementor-widget-text-editor\" data-id=\"e05edd9\" data-element_type=\"widget\" data-e-type=\"widget\" data-widget_type=\"text-editor.default\">\n\t\t\t\t\t\t\t\t\t<p>Intervention rapide &#8211; Devis gratuit &#8211; R\u00e9ponse sous 24h\u00a0<\/p>\t\t\t\t\t\t\t\t<\/div>\n\t\t<div class=\"elementor-element elementor-element-dd11ad5 e-con-full e-flex e-con e-child\" data-id=\"dd11ad5\" data-element_type=\"container\" data-e-type=\"container\">\n\t\t<div class=\"elementor-element elementor-element-3724f36 e-con-full e-flex e-con e-child\" data-id=\"3724f36\" data-element_type=\"container\" data-e-type=\"container\">\n\t\t\t\t<div class=\"elementor-element elementor-element-8832858 elementor-align-center elementor-widget elementor-widget-button\" data-id=\"8832858\" data-element_type=\"widget\" data-e-type=\"widget\" data-widget_type=\"button.default\">\n\t\t\t\t\t\t\t\t\t\t<a class=\"elementor-button elementor-button-link elementor-size-sm\" href=\"tel:+33686389670\">\n\t\t\t\t\t\t<span class=\"elementor-button-content-wrapper\">\n\t\t\t\t\t\t\t\t\t<span class=\"elementor-button-text\">\ud83d\udcde Nous appeler<\/span>\n\t\t\t\t\t<\/span>\n\t\t\t\t\t<\/a>\n\t\t\t\t\t\t\t\t<\/div>\n\t\t\t\t<\/div>\n\t\t<div class=\"elementor-element elementor-element-230c3a1 e-con-full e-flex e-con e-child\" data-id=\"230c3a1\" data-element_type=\"container\" data-e-type=\"container\">\n\t\t\t\t<div class=\"elementor-element elementor-element-4074a23 elementor-align-center elementor-widget elementor-widget-button\" data-id=\"4074a23\" data-element_type=\"widget\" data-e-type=\"widget\" data-widget_type=\"button.default\">\n\t\t\t\t\t\t\t\t\t\t<a class=\"elementor-button elementor-button-link elementor-size-sm\" href=\"https:\/\/bkn-plomberie.fr\/index.php\/contact\/\">\n\t\t\t\t\t\t<span class=\"elementor-button-content-wrapper\">\n\t\t\t\t\t\t\t\t\t<span class=\"elementor-button-text\">Demander votre devis gratuit <\/span>\n\t\t\t\t\t<\/span>\n\t\t\t\t\t<\/a>\n\t\t\t\t\t\t\t\t<\/div>\n\t\t\t\t<\/div>\n\t\t\t\t<\/div>\n\t\t\t\t<\/div>\n\t\t\t\t<\/div>\n\t\t\t\t\t<\/div>\n\t\t\t\t<\/div>\n\t\t\t\t<\/div>\n\t\t\t\t<\/div>\n\t\t","protected":false},"excerpt":{"rendered":"<p>Nos r\u00e9alisations en plomberie \u00e0 Lyon D\u00e9couvrez quelques exemples d\u2019interventions r\u00e9alis\u00e9es par notre entreprise de plomberie \u00e0 Lyon et dans les communes alentours. Nous intervenons aussi bien pour des d\u00e9pannages urgents que pour des installations sanitaires ou des r\u00e9novations compl\u00e8tes de salle de bain. Pose de robinetterie Nouveau chauffe-eau Salle de bain compl\u00e8te WC Suspendu [&hellip;]<\/p>\n","protected":false},"author":1,"featured_media":0,"parent":0,"menu_order":0,"comment_status":"closed","ping_status":"closed","template":"","meta":{"footnotes":""},"class_list":["post-13","page","type-page","status-publish","hentry","entry"],"yoast_head":"<!-- This site is optimized with the Yoast SEO plugin v27.1.1 - https:\/\/yoast.com\/product\/yoast-seo-wordpress\/ -->\n<title>R\u00e9alisations - DUPONT BTP LYON<\/title>\n<meta name=\"robots\" content=\"index, follow, max-snippet:-1, max-image-preview:large, max-video-preview:-1\" \/>\n<link rel=\"canonical\" href=\"https:\/\/bkn-plomberie.fr\/index.php\/realisations\/\" \/>\n<meta property=\"og:locale\" content=\"fr_FR\" \/>\n<meta property=\"og:type\" content=\"article\" \/>\n<meta property=\"og:title\" content=\"R\u00e9alisations - DUPONT BTP LYON\" \/>\n<meta property=\"og:description\" content=\"Nos r\u00e9alisations en plomberie \u00e0 Lyon D\u00e9couvrez quelques exemples d\u2019interventions r\u00e9alis\u00e9es par notre entreprise de plomberie \u00e0 Lyon et dans les communes alentours. Nous intervenons aussi bien pour des d\u00e9pannages urgents que pour des installations sanitaires ou des r\u00e9novations compl\u00e8tes de salle de bain. Pose de robinetterie Nouveau chauffe-eau Salle de bain compl\u00e8te WC Suspendu [&hellip;]\" \/>\n<meta property=\"og:url\" content=\"https:\/\/bkn-plomberie.fr\/index.php\/realisations\/\" \/>\n<meta property=\"og:site_name\" content=\"DUPONT BTP LYON\" \/>\n<meta property=\"article:modified_time\" content=\"2026-03-11T15:40:13+00:00\" \/>\n<meta property=\"og:image\" content=\"https:\/\/bkn-plomberie.fr\/wp-content\/uploads\/2026\/03\/1C924DFF-7D75-41FC-9C95-B3F6D19E3C19-1024x683.png\" \/>\n<meta name=\"twitter:card\" content=\"summary_large_image\" \/>\n<script type=\"application\/ld+json\" class=\"yoast-schema-graph\">{\"@context\":\"https:\/\/schema.org\",\"@graph\":[{\"@type\":\"WebPage\",\"@id\":\"https:\/\/bkn-plomberie.fr\/index.php\/realisations\/\",\"url\":\"https:\/\/bkn-plomberie.fr\/index.php\/realisations\/\",\"name\":\"R\u00e9alisations - DUPONT BTP LYON\",\"isPartOf\":{\"@id\":\"https:\/\/bkn-plomberie.fr\/#website\"},\"primaryImageOfPage\":{\"@id\":\"https:\/\/bkn-plomberie.fr\/index.php\/realisations\/#primaryimage\"},\"image\":{\"@id\":\"https:\/\/bkn-plomberie.fr\/index.php\/realisations\/#primaryimage\"},\"thumbnailUrl\":\"https:\/\/bkn-plomberie.fr\/wp-content\/uploads\/2026\/03\/1C924DFF-7D75-41FC-9C95-B3F6D19E3C19-1024x683.png\",\"datePublished\":\"2026-02-20T10:36:55+00:00\",\"dateModified\":\"2026-03-11T15:40:13+00:00\",\"breadcrumb\":{\"@id\":\"https:\/\/bkn-plomberie.fr\/index.php\/realisations\/#breadcrumb\"},\"inLanguage\":\"fr-FR\",\"potentialAction\":[{\"@type\":\"ReadAction\",\"target\":[\"https:\/\/bkn-plomberie.fr\/index.php\/realisations\/\"]}]},{\"@type\":\"ImageObject\",\"inLanguage\":\"fr-FR\",\"@id\":\"https:\/\/bkn-plomberie.fr\/index.php\/realisations\/#primaryimage\",\"url\":\"https:\/\/bkn-plomberie.fr\/wp-content\/uploads\/2026\/03\/1C924DFF-7D75-41FC-9C95-B3F6D19E3C19.png\",\"contentUrl\":\"https:\/\/bkn-plomberie.fr\/wp-content\/uploads\/2026\/03\/1C924DFF-7D75-41FC-9C95-B3F6D19E3C19.png\",\"width\":1536,\"height\":1024,\"caption\":\"Pose de robinetterie\"},{\"@type\":\"BreadcrumbList\",\"@id\":\"https:\/\/bkn-plomberie.fr\/index.php\/realisations\/#breadcrumb\",\"itemListElement\":[{\"@type\":\"ListItem\",\"position\":1,\"name\":\"Accueil\",\"item\":\"https:\/\/bkn-plomberie.fr\/\"},{\"@type\":\"ListItem\",\"position\":2,\"name\":\"R\u00e9alisations\"}]},{\"@type\":\"WebSite\",\"@id\":\"https:\/\/bkn-plomberie.fr\/#website\",\"url\":\"https:\/\/bkn-plomberie.fr\/\",\"name\":\"DUPONT BTP LYON\",\"description\":\"\",\"publisher\":{\"@id\":\"https:\/\/bkn-plomberie.fr\/#organization\"},\"potentialAction\":[{\"@type\":\"SearchAction\",\"target\":{\"@type\":\"EntryPoint\",\"urlTemplate\":\"https:\/\/bkn-plomberie.fr\/?s={search_term_string}\"},\"query-input\":{\"@type\":\"PropertyValueSpecification\",\"valueRequired\":true,\"valueName\":\"search_term_string\"}}],\"inLanguage\":\"fr-FR\"},{\"@type\":\"Organization\",\"@id\":\"https:\/\/bkn-plomberie.fr\/#organization\",\"name\":\"DUPONT BTP LYON\",\"url\":\"https:\/\/bkn-plomberie.fr\/\",\"logo\":{\"@type\":\"ImageObject\",\"inLanguage\":\"fr-FR\",\"@id\":\"https:\/\/bkn-plomberie.fr\/#\/schema\/logo\/image\/\",\"url\":\"https:\/\/bkn-plomberie.fr\/wp-content\/uploads\/2026\/02\/cropped-FFE9DDED-F8E6-4E4D-AA57-31227130EEC1.png\",\"contentUrl\":\"https:\/\/bkn-plomberie.fr\/wp-content\/uploads\/2026\/02\/cropped-FFE9DDED-F8E6-4E4D-AA57-31227130EEC1.png\",\"width\":512,\"height\":358,\"caption\":\"DUPONT BTP LYON \"},\"image\":{\"@id\":\"https:\/\/bkn-plomberie.fr\/#\/schema\/logo\/image\/\"}}]}<\/script>\n<!-- \/ Yoast SEO plugin. -->","yoast_head_json":{"title":"R\u00e9alisations - DUPONT BTP LYON","robots":{"index":"index","follow":"follow","max-snippet":"max-snippet:-1","max-image-preview":"max-image-preview:large","max-video-preview":"max-video-preview:-1"},"canonical":"https:\/\/bkn-plomberie.fr\/index.php\/realisations\/","og_locale":"fr_FR","og_type":"article","og_title":"R\u00e9alisations - DUPONT BTP LYON","og_description":"Nos r\u00e9alisations en plomberie \u00e0 Lyon D\u00e9couvrez quelques exemples d\u2019interventions r\u00e9alis\u00e9es par notre entreprise de plomberie \u00e0 Lyon et dans les communes alentours. Nous intervenons aussi bien pour des d\u00e9pannages urgents que pour des installations sanitaires ou des r\u00e9novations compl\u00e8tes de salle de bain. Pose de robinetterie Nouveau chauffe-eau Salle de bain compl\u00e8te WC Suspendu [&hellip;]","og_url":"https:\/\/bkn-plomberie.fr\/index.php\/realisations\/","og_site_name":"DUPONT BTP LYON","article_modified_time":"2026-03-11T15:40:13+00:00","og_image":[{"url":"https:\/\/bkn-plomberie.fr\/wp-content\/uploads\/2026\/03\/1C924DFF-7D75-41FC-9C95-B3F6D19E3C19-1024x683.png","type":"","width":"","height":""}],"twitter_card":"summary_large_image","schema":{"@context":"https:\/\/schema.org","@graph":[{"@type":"WebPage","@id":"https:\/\/bkn-plomberie.fr\/index.php\/realisations\/","url":"https:\/\/bkn-plomberie.fr\/index.php\/realisations\/","name":"R\u00e9alisations - DUPONT BTP LYON","isPartOf":{"@id":"https:\/\/bkn-plomberie.fr\/#website"},"primaryImageOfPage":{"@id":"https:\/\/bkn-plomberie.fr\/index.php\/realisations\/#primaryimage"},"image":{"@id":"https:\/\/bkn-plomberie.fr\/index.php\/realisations\/#primaryimage"},"thumbnailUrl":"https:\/\/bkn-plomberie.fr\/wp-content\/uploads\/2026\/03\/1C924DFF-7D75-41FC-9C95-B3F6D19E3C19-1024x683.png","datePublished":"2026-02-20T10:36:55+00:00","dateModified":"2026-03-11T15:40:13+00:00","breadcrumb":{"@id":"https:\/\/bkn-plomberie.fr\/index.php\/realisations\/#breadcrumb"},"inLanguage":"fr-FR","potentialAction":[{"@type":"ReadAction","target":["https:\/\/bkn-plomberie.fr\/index.php\/realisations\/"]}]},{"@type":"ImageObject","inLanguage":"fr-FR","@id":"https:\/\/bkn-plomberie.fr\/index.php\/realisations\/#primaryimage","url":"https:\/\/bkn-plomberie.fr\/wp-content\/uploads\/2026\/03\/1C924DFF-7D75-41FC-9C95-B3F6D19E3C19.png","contentUrl":"https:\/\/bkn-plomberie.fr\/wp-content\/uploads\/2026\/03\/1C924DFF-7D75-41FC-9C95-B3F6D19E3C19.png","width":1536,"height":1024,"caption":"Pose de robinetterie"},{"@type":"BreadcrumbList","@id":"https:\/\/bkn-plomberie.fr\/index.php\/realisations\/#breadcrumb","itemListElement":[{"@type":"ListItem","position":1,"name":"Accueil","item":"https:\/\/bkn-plomberie.fr\/"},{"@type":"ListItem","position":2,"name":"R\u00e9alisations"}]},{"@type":"WebSite","@id":"https:\/\/bkn-plomberie.fr\/#website","url":"https:\/\/bkn-plomberie.fr\/","name":"DUPONT BTP LYON","description":"","publisher":{"@id":"https:\/\/bkn-plomberie.fr\/#organization"},"potentialAction":[{"@type":"SearchAction","target":{"@type":"EntryPoint","urlTemplate":"https:\/\/bkn-plomberie.fr\/?s={search_term_string}"},"query-input":{"@type":"PropertyValueSpecification","valueRequired":true,"valueName":"search_term_string"}}],"inLanguage":"fr-FR"},{"@type":"Organization","@id":"https:\/\/bkn-plomberie.fr\/#organization","name":"DUPONT BTP LYON","url":"https:\/\/bkn-plomberie.fr\/","logo":{"@type":"ImageObject","inLanguage":"fr-FR","@id":"https:\/\/bkn-plomberie.fr\/#\/schema\/logo\/image\/","url":"https:\/\/bkn-plomberie.fr\/wp-content\/uploads\/2026\/02\/cropped-FFE9DDED-F8E6-4E4D-AA57-31227130EEC1.png","contentUrl":"https:\/\/bkn-plomberie.fr\/wp-content\/uploads\/2026\/02\/cropped-FFE9DDED-F8E6-4E4D-AA57-31227130EEC1.png","width":512,"height":358,"caption":"DUPONT BTP LYON "},"image":{"@id":"https:\/\/bkn-plomberie.fr\/#\/schema\/logo\/image\/"}}]}},"_links":{"self":[{"href":"https:\/\/bkn-plomberie.fr\/index.php\/wp-json\/wp\/v2\/pages\/13","targetHints":{"allow":["GET"]}}],"collection":[{"href":"https:\/\/bkn-plomberie.fr\/index.php\/wp-json\/wp\/v2\/pages"}],"about":[{"href":"https:\/\/bkn-plomberie.fr\/index.php\/wp-json\/wp\/v2\/types\/page"}],"author":[{"embeddable":true,"href":"https:\/\/bkn-plomberie.fr\/index.php\/wp-json\/wp\/v2\/users\/1"}],"replies":[{"embeddable":true,"href":"https:\/\/bkn-plomberie.fr\/index.php\/wp-json\/wp\/v2\/comments?post=13"}],"version-history":[{"count":25,"href":"https:\/\/bkn-plomberie.fr\/index.php\/wp-json\/wp\/v2\/pages\/13\/revisions"}],"predecessor-version":[{"id":348,"href":"https:\/\/bkn-plomberie.fr\/index.php\/wp-json\/wp\/v2\/pages\/13\/revisions\/348"}],"wp:attachment":[{"href":"https:\/\/bkn-plomberie.fr\/index.php\/wp-json\/wp\/v2\/media?parent=13"}],"curies":[{"name":"wp","href":"https:\/\/api.w.org\/{rel}","templated":true}]}}