{"id":15,"date":"2026-02-20T11:37:41","date_gmt":"2026-02-20T10:37:41","guid":{"rendered":"https:\/\/bkn-plomberie.fr\/?page_id=15"},"modified":"2026-03-11T11:05:11","modified_gmt":"2026-03-11T10:05:11","slug":"contact","status":"publish","type":"page","link":"https:\/\/bkn-plomberie.fr\/index.php\/contact\/","title":{"rendered":"Devis"},"content":{"rendered":"\t\t<div data-elementor-type=\"wp-page\" data-elementor-id=\"15\" class=\"elementor elementor-15\">\n\t\t\t\t<div class=\"elementor-element elementor-element-6f6bbb9 e-flex e-con-boxed e-con e-parent\" data-id=\"6f6bbb9\" data-element_type=\"container\" data-e-type=\"container\">\n\t\t\t\t\t<div class=\"e-con-inner\">\n\t\t<div class=\"elementor-element elementor-element-436e8cb e-con-full e-flex e-con e-child\" data-id=\"436e8cb\" data-element_type=\"container\" data-e-type=\"container\">\n\t\t<div class=\"elementor-element elementor-element-f3bbd43 e-con-full e-flex e-con e-child\" data-id=\"f3bbd43\" data-element_type=\"container\" data-e-type=\"container\">\n\t\t\t\t<div class=\"elementor-element elementor-element-6bdaffb elementor-widget elementor-widget-heading\" data-id=\"6bdaffb\" data-element_type=\"widget\" data-e-type=\"widget\" data-widget_type=\"heading.default\">\n\t\t\t\t\t<h2 class=\"elementor-heading-title elementor-size-default\">Contactez votre plombier \u00e0 Lyon et ses alentours<\/h2>\t\t\t\t<\/div>\n\t\t\t\t<div class=\"elementor-element elementor-element-6e0114c elementor-widget elementor-widget-text-editor\" data-id=\"6e0114c\" data-element_type=\"widget\" data-e-type=\"widget\" data-widget_type=\"text-editor.default\">\n\t\t\t\t\t\t\t\t\t<p>Besoin d&rsquo;un d\u00e9pannage ou d&rsquo;un devis ? Nous vous r\u00e9pondons rapidement.<\/p>\t\t\t\t\t\t\t\t<\/div>\n\t\t\t\t<\/div>\n\t\t<div class=\"elementor-element elementor-element-25267fb e-con-full e-flex e-con e-child\" data-id=\"25267fb\" data-element_type=\"container\" data-e-type=\"container\">\n\t\t\t\t<div class=\"elementor-element elementor-element-f3c6014 elementor-align-center elementor-widget elementor-widget-button\" data-id=\"f3c6014\" data-element_type=\"widget\" data-e-type=\"widget\" data-widget_type=\"button.default\">\n\t\t\t\t\t\t\t\t\t\t<a class=\"elementor-button elementor-button-link elementor-size-sm\" href=\"tel:+33686389670\">\n\t\t\t\t\t\t<span class=\"elementor-button-content-wrapper\">\n\t\t\t\t\t\t\t\t\t<span class=\"elementor-button-text\">06.86.38.96.70<\/span>\n\t\t\t\t\t<\/span>\n\t\t\t\t\t<\/a>\n\t\t\t\t\t\t\t\t<\/div>\n\t\t\t\t<div class=\"elementor-element elementor-element-d359afa elementor-widget elementor-widget-text-editor\" data-id=\"d359afa\" data-element_type=\"widget\" data-e-type=\"widget\" data-widget_type=\"text-editor.default\">\n\t\t\t\t\t\t\t\t\t<p>Intervention rapide sur Lyon et alentours<\/p>\t\t\t\t\t\t\t\t<\/div>\n\t\t\t\t<\/div>\n\t\t\t\t<\/div>\n\t\t\t\t\t<\/div>\n\t\t\t\t<\/div>\n\t\t<div class=\"elementor-element elementor-element-585da3b e-flex e-con-boxed e-con e-parent\" data-id=\"585da3b\" data-element_type=\"container\" data-e-type=\"container\">\n\t\t\t\t\t<div class=\"e-con-inner\">\n\t\t\t\t<div class=\"elementor-element elementor-element-97c2608 elementor-widget elementor-widget-formidable\" data-id=\"97c2608\" data-element_type=\"widget\" data-e-type=\"widget\" data-widget_type=\"formidable.default\">\n\t\t\t\t<div class=\"elementor-widget-container\">\n\t\t\t\t\t<div class=\"frm_forms  with_frm_style frm_style_style-formidable\" id=\"frm_form_1_container\" >\n<form enctype=\"multipart\/form-data\" method=\"post\" class=\"frm-show-form \" id=\"form_contact-form\" >\n<div class=\"frm_form_fields \">\n<fieldset>\n<legend class=\"frm_screen_reader\">Contact Us<\/legend>\r\n\r\n<div class=\"frm_fields_container\">\n<input type=\"hidden\" name=\"frm_action\" value=\"create\" \/>\n<input type=\"hidden\" name=\"form_id\" value=\"1\" \/>\n<input type=\"hidden\" name=\"frm_hide_fields_1\" id=\"frm_hide_fields_1\" value=\"\" \/>\n<input type=\"hidden\" name=\"form_key\" value=\"contact-form\" \/>\n<input type=\"hidden\" name=\"item_meta[0]\" value=\"\" \/>\n<input type=\"hidden\" id=\"frm_submit_entry_1\" name=\"frm_submit_entry_1\" value=\"41414d94dc\" \/><input type=\"hidden\" name=\"_wp_http_referer\" value=\"\/index.php\/wp-json\/wp\/v2\/pages\/15\" \/><div id=\"frm_field_1_container\" class=\"frm_form_field form-field  frm_required_field frm_top_container frm12 frm_first\">\r\n\t<label for=\"field_qh4icy\" id=\"field_qh4icy_label\" class=\"frm_primary_label\">Nom et pr\u00e9nom\r\n\t\t<span class=\"frm_required\" aria-hidden=\"true\">*<\/span>\r\n\t<\/label>\r\n\t<input type=\"text\" id=\"field_qh4icy\" name=\"item_meta[1]\" value=\"\"  data-reqmsg=\"Nom et pr\u00e9nom ne peut pas \u00eatre vide.\" aria-required=\"true\" data-invmsg=\"Nom et pr\u00e9nom est non valide\" aria-invalid=\"false\"  \/>\r\n\t\r\n\t\r\n<\/div>\n<div id=\"frm_field_3_container\" class=\"frm_form_field form-field  frm_required_field frm_top_container frm_full\">\r\n\t<label for=\"field_29yf4d\" id=\"field_29yf4d_label\" class=\"frm_primary_label\">Email\r\n\t\t<span class=\"frm_required\" aria-hidden=\"true\">*<\/span>\r\n\t<\/label>\r\n\t<input type=\"email\" id=\"field_29yf4d\" name=\"item_meta[3]\" value=\"\"  data-reqmsg=\"Email ne peut pas \u00eatre vide.\" aria-required=\"true\" data-invmsg=\"Please enter a valid email address\" aria-invalid=\"false\"  \/>\r\n\t\r\n\t\r\n<\/div>\n<div id=\"frm_field_4_container\" class=\"frm_form_field form-field  frm_required_field frm_top_container frm_full\">\r\n\t<label for=\"field_e6lis6\" id=\"field_e6lis6_label\" class=\"frm_primary_label\">Num\u00e9ro de t\u00e9l\u00e9phone\r\n\t\t<span class=\"frm_required\" aria-hidden=\"true\">*<\/span>\r\n\t<\/label>\r\n\t<input type=\"text\" id=\"field_e6lis6\" name=\"item_meta[4]\" value=\"\"  data-reqmsg=\"Num\u00e9ro de t\u00e9l\u00e9phone ne peut pas \u00eatre vide.\" aria-required=\"true\" data-invmsg=\"Num\u00e9ro de t\u00e9l\u00e9phone est non valide\" aria-invalid=\"false\"  \/>\r\n\t\r\n\t\r\n<\/div>\n<div id=\"frm_field_5_container\" class=\"frm_form_field form-field  frm_required_field frm_top_container frm_full\">\r\n\t<label for=\"field_9jv0r1\" id=\"field_9jv0r1_label\" class=\"frm_primary_label\">Message\r\n\t\t<span class=\"frm_required\" aria-hidden=\"true\">*<\/span>\r\n\t<\/label>\r\n\t<textarea name=\"item_meta[5]\" id=\"field_9jv0r1\" rows=\"5\"  placeholder=\"Parlez-nous de votre projet\" data-reqmsg=\"Message ne peut pas \u00eatre vide.\" aria-required=\"true\" data-invmsg=\"Message est non valide\" aria-invalid=\"false\"  ><\/textarea>\r\n\t\r\n\t\r\n<\/div>\n<div id=\"frm_field_6_container\" class=\"frm_form_field form-field \">\r\n\t<div class=\"frm_submit frm_flex\">\r\n<button class=\"frm_button_submit\" type=\"submit\"  >Envoyer<\/button>\r\n\r\n\r\n\r\n<\/div>\r\n<\/div>\n\t<input type=\"hidden\" name=\"item_key\" value=\"\" \/>\n\t\t\t<div id=\"frm_field_7_container\">\n\t\t\t<label for=\"field_c9q8i\" >\n\t\t\t\tSi vous \u00eates un humain, ne remplissez pas ce champ.\t\t\t<\/label>\n\t\t\t<input  id=\"field_c9q8i\" type=\"text\" class=\"frm_form_field form-field frm_verify\" name=\"item_meta[7]\" value=\"\"  \/>\n\t\t<\/div>\n\t\t<input name=\"frm_state\" type=\"hidden\" value=\"O7N9ZH946hp5J2sCtgfRLfKMXRfKyDKJY0xkblFVJmw=\" \/><\/div>\n<\/fieldset>\n<\/div>\n\n<\/form>\n<\/div>\n\t\t\t\t<\/div>\n\t\t\t\t<\/div>\n\t\t\t\t\t<\/div>\n\t\t\t\t<\/div>\n\t\t\t\t<\/div>\n\t\t","protected":false},"excerpt":{"rendered":"<p>Contactez votre plombier \u00e0 Lyon et ses alentours Besoin d&rsquo;un d\u00e9pannage ou d&rsquo;un devis ? Nous vous r\u00e9pondons rapidement. 06.86.38.96.70 Intervention rapide sur Lyon et alentours Contact Us Nom * Pr\u00e9nom * Email * Num\u00e9ro de t\u00e9l\u00e9phone * Message * Envoyer Si vous \u00eates un humain, ne remplissez pas ce champ.<\/p>\n","protected":false},"author":1,"featured_media":0,"parent":0,"menu_order":0,"comment_status":"closed","ping_status":"closed","template":"","meta":{"footnotes":""},"class_list":["post-15","page","type-page","status-publish","hentry","entry"],"yoast_head":"<!-- This site is optimized with the Yoast SEO plugin v27.1.1 - https:\/\/yoast.com\/product\/yoast-seo-wordpress\/ -->\n<title>Devis - DUPONT BTP LYON<\/title>\n<meta name=\"robots\" content=\"index, follow, max-snippet:-1, max-image-preview:large, max-video-preview:-1\" \/>\n<link rel=\"canonical\" href=\"https:\/\/bkn-plomberie.fr\/index.php\/contact\/\" \/>\n<meta property=\"og:locale\" content=\"fr_FR\" \/>\n<meta property=\"og:type\" content=\"article\" \/>\n<meta property=\"og:title\" content=\"Devis - DUPONT BTP LYON\" \/>\n<meta property=\"og:description\" content=\"Contactez votre plombier \u00e0 Lyon et ses alentours Besoin d&rsquo;un d\u00e9pannage ou d&rsquo;un devis ? Nous vous r\u00e9pondons rapidement. 06.86.38.96.70 Intervention rapide sur Lyon et alentours Contact Us Nom * Pr\u00e9nom * Email * Num\u00e9ro de t\u00e9l\u00e9phone * Message * Envoyer Si vous \u00eates un humain, ne remplissez pas ce champ.\" \/>\n<meta property=\"og:url\" content=\"https:\/\/bkn-plomberie.fr\/index.php\/contact\/\" \/>\n<meta property=\"og:site_name\" content=\"DUPONT BTP LYON\" \/>\n<meta property=\"article:modified_time\" content=\"2026-03-11T10:05:11+00:00\" \/>\n<meta name=\"twitter:card\" content=\"summary_large_image\" \/>\n<script type=\"application\/ld+json\" class=\"yoast-schema-graph\">{\"@context\":\"https:\/\/schema.org\",\"@graph\":[{\"@type\":\"WebPage\",\"@id\":\"https:\/\/bkn-plomberie.fr\/index.php\/contact\/\",\"url\":\"https:\/\/bkn-plomberie.fr\/index.php\/contact\/\",\"name\":\"Devis - DUPONT BTP LYON\",\"isPartOf\":{\"@id\":\"https:\/\/bkn-plomberie.fr\/#website\"},\"datePublished\":\"2026-02-20T10:37:41+00:00\",\"dateModified\":\"2026-03-11T10:05:11+00:00\",\"breadcrumb\":{\"@id\":\"https:\/\/bkn-plomberie.fr\/index.php\/contact\/#breadcrumb\"},\"inLanguage\":\"fr-FR\",\"potentialAction\":[{\"@type\":\"ReadAction\",\"target\":[\"https:\/\/bkn-plomberie.fr\/index.php\/contact\/\"]}]},{\"@type\":\"BreadcrumbList\",\"@id\":\"https:\/\/bkn-plomberie.fr\/index.php\/contact\/#breadcrumb\",\"itemListElement\":[{\"@type\":\"ListItem\",\"position\":1,\"name\":\"Accueil\",\"item\":\"https:\/\/bkn-plomberie.fr\/\"},{\"@type\":\"ListItem\",\"position\":2,\"name\":\"Devis\"}]},{\"@type\":\"WebSite\",\"@id\":\"https:\/\/bkn-plomberie.fr\/#website\",\"url\":\"https:\/\/bkn-plomberie.fr\/\",\"name\":\"DUPONT BTP LYON\",\"description\":\"\",\"publisher\":{\"@id\":\"https:\/\/bkn-plomberie.fr\/#organization\"},\"potentialAction\":[{\"@type\":\"SearchAction\",\"target\":{\"@type\":\"EntryPoint\",\"urlTemplate\":\"https:\/\/bkn-plomberie.fr\/?s={search_term_string}\"},\"query-input\":{\"@type\":\"PropertyValueSpecification\",\"valueRequired\":true,\"valueName\":\"search_term_string\"}}],\"inLanguage\":\"fr-FR\"},{\"@type\":\"Organization\",\"@id\":\"https:\/\/bkn-plomberie.fr\/#organization\",\"name\":\"DUPONT BTP LYON\",\"url\":\"https:\/\/bkn-plomberie.fr\/\",\"logo\":{\"@type\":\"ImageObject\",\"inLanguage\":\"fr-FR\",\"@id\":\"https:\/\/bkn-plomberie.fr\/#\/schema\/logo\/image\/\",\"url\":\"https:\/\/bkn-plomberie.fr\/wp-content\/uploads\/2026\/02\/cropped-FFE9DDED-F8E6-4E4D-AA57-31227130EEC1.png\",\"contentUrl\":\"https:\/\/bkn-plomberie.fr\/wp-content\/uploads\/2026\/02\/cropped-FFE9DDED-F8E6-4E4D-AA57-31227130EEC1.png\",\"width\":512,\"height\":358,\"caption\":\"DUPONT BTP LYON \"},\"image\":{\"@id\":\"https:\/\/bkn-plomberie.fr\/#\/schema\/logo\/image\/\"}}]}<\/script>\n<!-- \/ Yoast SEO plugin. -->","yoast_head_json":{"title":"Devis - DUPONT BTP LYON","robots":{"index":"index","follow":"follow","max-snippet":"max-snippet:-1","max-image-preview":"max-image-preview:large","max-video-preview":"max-video-preview:-1"},"canonical":"https:\/\/bkn-plomberie.fr\/index.php\/contact\/","og_locale":"fr_FR","og_type":"article","og_title":"Devis - DUPONT BTP LYON","og_description":"Contactez votre plombier \u00e0 Lyon et ses alentours Besoin d&rsquo;un d\u00e9pannage ou d&rsquo;un devis ? Nous vous r\u00e9pondons rapidement. 06.86.38.96.70 Intervention rapide sur Lyon et alentours Contact Us Nom * Pr\u00e9nom * Email * Num\u00e9ro de t\u00e9l\u00e9phone * Message * Envoyer Si vous \u00eates un humain, ne remplissez pas ce champ.","og_url":"https:\/\/bkn-plomberie.fr\/index.php\/contact\/","og_site_name":"DUPONT BTP LYON","article_modified_time":"2026-03-11T10:05:11+00:00","twitter_card":"summary_large_image","schema":{"@context":"https:\/\/schema.org","@graph":[{"@type":"WebPage","@id":"https:\/\/bkn-plomberie.fr\/index.php\/contact\/","url":"https:\/\/bkn-plomberie.fr\/index.php\/contact\/","name":"Devis - DUPONT BTP LYON","isPartOf":{"@id":"https:\/\/bkn-plomberie.fr\/#website"},"datePublished":"2026-02-20T10:37:41+00:00","dateModified":"2026-03-11T10:05:11+00:00","breadcrumb":{"@id":"https:\/\/bkn-plomberie.fr\/index.php\/contact\/#breadcrumb"},"inLanguage":"fr-FR","potentialAction":[{"@type":"ReadAction","target":["https:\/\/bkn-plomberie.fr\/index.php\/contact\/"]}]},{"@type":"BreadcrumbList","@id":"https:\/\/bkn-plomberie.fr\/index.php\/contact\/#breadcrumb","itemListElement":[{"@type":"ListItem","position":1,"name":"Accueil","item":"https:\/\/bkn-plomberie.fr\/"},{"@type":"ListItem","position":2,"name":"Devis"}]},{"@type":"WebSite","@id":"https:\/\/bkn-plomberie.fr\/#website","url":"https:\/\/bkn-plomberie.fr\/","name":"DUPONT BTP LYON","description":"","publisher":{"@id":"https:\/\/bkn-plomberie.fr\/#organization"},"potentialAction":[{"@type":"SearchAction","target":{"@type":"EntryPoint","urlTemplate":"https:\/\/bkn-plomberie.fr\/?s={search_term_string}"},"query-input":{"@type":"PropertyValueSpecification","valueRequired":true,"valueName":"search_term_string"}}],"inLanguage":"fr-FR"},{"@type":"Organization","@id":"https:\/\/bkn-plomberie.fr\/#organization","name":"DUPONT BTP LYON","url":"https:\/\/bkn-plomberie.fr\/","logo":{"@type":"ImageObject","inLanguage":"fr-FR","@id":"https:\/\/bkn-plomberie.fr\/#\/schema\/logo\/image\/","url":"https:\/\/bkn-plomberie.fr\/wp-content\/uploads\/2026\/02\/cropped-FFE9DDED-F8E6-4E4D-AA57-31227130EEC1.png","contentUrl":"https:\/\/bkn-plomberie.fr\/wp-content\/uploads\/2026\/02\/cropped-FFE9DDED-F8E6-4E4D-AA57-31227130EEC1.png","width":512,"height":358,"caption":"DUPONT BTP LYON "},"image":{"@id":"https:\/\/bkn-plomberie.fr\/#\/schema\/logo\/image\/"}}]}},"_links":{"self":[{"href":"https:\/\/bkn-plomberie.fr\/index.php\/wp-json\/wp\/v2\/pages\/15","targetHints":{"allow":["GET"]}}],"collection":[{"href":"https:\/\/bkn-plomberie.fr\/index.php\/wp-json\/wp\/v2\/pages"}],"about":[{"href":"https:\/\/bkn-plomberie.fr\/index.php\/wp-json\/wp\/v2\/types\/page"}],"author":[{"embeddable":true,"href":"https:\/\/bkn-plomberie.fr\/index.php\/wp-json\/wp\/v2\/users\/1"}],"replies":[{"embeddable":true,"href":"https:\/\/bkn-plomberie.fr\/index.php\/wp-json\/wp\/v2\/comments?post=15"}],"version-history":[{"count":11,"href":"https:\/\/bkn-plomberie.fr\/index.php\/wp-json\/wp\/v2\/pages\/15\/revisions"}],"predecessor-version":[{"id":208,"href":"https:\/\/bkn-plomberie.fr\/index.php\/wp-json\/wp\/v2\/pages\/15\/revisions\/208"}],"wp:attachment":[{"href":"https:\/\/bkn-plomberie.fr\/index.php\/wp-json\/wp\/v2\/media?parent=15"}],"curies":[{"name":"wp","href":"https:\/\/api.w.org\/{rel}","templated":true}]}}