{"id":361,"date":"2026-03-11T16:56:57","date_gmt":"2026-03-11T15:56:57","guid":{"rendered":"https:\/\/bkn-plomberie.fr\/?page_id=361"},"modified":"2026-03-11T17:06:03","modified_gmt":"2026-03-11T16:06:03","slug":"mentions-legales","status":"publish","type":"page","link":"https:\/\/bkn-plomberie.fr\/index.php\/mentions-legales\/","title":{"rendered":"Mentions l\u00e9gales"},"content":{"rendered":"\t\t<div data-elementor-type=\"wp-page\" data-elementor-id=\"361\" class=\"elementor elementor-361\">\n\t\t\t\t<div class=\"elementor-element elementor-element-5641486 e-flex e-con-boxed e-con e-parent\" data-id=\"5641486\" data-element_type=\"container\" data-e-type=\"container\">\n\t\t\t\t\t<div class=\"e-con-inner\">\n\t\t\t\t<div class=\"elementor-element elementor-element-c7c0c46 elementor-widget elementor-widget-heading\" data-id=\"c7c0c46\" data-element_type=\"widget\" data-e-type=\"widget\" data-widget_type=\"heading.default\">\n\t\t\t\t\t<h2 class=\"elementor-heading-title elementor-size-default\">Mentions l\u00e9gales<\/h2>\t\t\t\t<\/div>\n\t\t\t\t<div class=\"elementor-element elementor-element-4e17053 elementor-widget elementor-widget-text-editor\" data-id=\"4e17053\" data-element_type=\"widget\" data-e-type=\"widget\" data-widget_type=\"text-editor.default\">\n\t\t\t\t\t\t\t\t\t<p><strong>Editeur du site\u00a0<\/strong><\/p><p>\u00a0<\/p><p>Ce site internet est un site de d\u00e9monstration r\u00e9alis\u00e9 par :<\/p><p>BKN Informatique\u00a0<\/p><p>Entreprise individuelle\u00a0<\/p><p>France\u00a0<\/p><p>\u00a0<\/p><p>Ce site\u00a0 a \u00e9t\u00e9 cr\u00e9\u00e9 dans le cadre d&rsquo;une d\u00e9monstration de cr\u00e9ation de site internet pour artisans et entreprises locales.\u00a0\u00a0<\/p><p>\u00a0<\/p><p><strong>Propri\u00e9t\u00e9 du site\u00a0<\/strong><\/p><p>\u00a0<\/p><p>Le site est la propri\u00e9t\u00e9 de BKN Informatique.<\/p><p>Il s&rsquo;agit d&rsquo;un site mod\u00e8le destin\u00e9 \u00e0 pr\u00e9senter un exemple de r\u00e9alisation de site internet pour une activit\u00e9 de plomberie.\u00a0<\/p><p>Les informations pr\u00e9sentes sur ce site sont fournies \u00e0 titre illustratif.\u00a0<\/p><p>\u00a0<\/p><p><strong>Responsabilit\u00e9<\/strong><\/p><p>\u00a0<\/p><p>Les contenus pr\u00e9sent\u00e9s sur ce site ont pour objectif de d\u00e9montrer la structure et les fonctionnalit\u00e9s d&rsquo;un site internet professionnel.\u00a0<\/p><p>Les informations affich\u00e9es ne correspondent pas \u00e0 une entreprise r\u00e9elle de plomberie.\u00a0<\/p><p>\u00a0<\/p><p><strong>H\u00e9bergement :\u00a0<\/strong><\/p><p>\u00a0<\/p><p>Le site est h\u00e9berg\u00e9 par :\u00a0<\/p><p>\u00a0<\/p><p>\u00a0<\/p><p>\u00a0<\/p><p>\u00a0<\/p><p>\u00a0<\/p>\t\t\t\t\t\t\t\t<\/div>\n\t\t\t\t\t<\/div>\n\t\t\t\t<\/div>\n\t\t\t\t<\/div>\n\t\t","protected":false},"excerpt":{"rendered":"<p>Mentions l\u00e9gales Editeur du site\u00a0 \u00a0 Ce site internet est un site de d\u00e9monstration r\u00e9alis\u00e9 par : BKN Informatique\u00a0 Entreprise individuelle\u00a0 France\u00a0 \u00a0 Ce site\u00a0 a \u00e9t\u00e9 cr\u00e9\u00e9 dans le cadre d&rsquo;une d\u00e9monstration de cr\u00e9ation de site internet pour artisans et entreprises locales.\u00a0\u00a0 \u00a0 Propri\u00e9t\u00e9 du site\u00a0 \u00a0 Le site est la propri\u00e9t\u00e9 de BKN [&hellip;]<\/p>\n","protected":false},"author":1,"featured_media":0,"parent":0,"menu_order":0,"comment_status":"closed","ping_status":"closed","template":"","meta":{"footnotes":""},"class_list":["post-361","page","type-page","status-publish","hentry","entry"],"yoast_head":"<!-- This site is optimized with the Yoast SEO plugin v27.1.1 - https:\/\/yoast.com\/product\/yoast-seo-wordpress\/ -->\n<title>Mentions l\u00e9gales - DUPONT BTP LYON<\/title>\n<meta name=\"robots\" content=\"index, follow, max-snippet:-1, max-image-preview:large, max-video-preview:-1\" \/>\n<link rel=\"canonical\" href=\"https:\/\/bkn-plomberie.fr\/index.php\/mentions-legales\/\" \/>\n<meta property=\"og:locale\" content=\"fr_FR\" \/>\n<meta property=\"og:type\" content=\"article\" \/>\n<meta property=\"og:title\" content=\"Mentions l\u00e9gales - DUPONT BTP LYON\" \/>\n<meta property=\"og:description\" content=\"Mentions l\u00e9gales Editeur du site\u00a0 \u00a0 Ce site internet est un site de d\u00e9monstration r\u00e9alis\u00e9 par : BKN Informatique\u00a0 Entreprise individuelle\u00a0 France\u00a0 \u00a0 Ce site\u00a0 a \u00e9t\u00e9 cr\u00e9\u00e9 dans le cadre d&rsquo;une d\u00e9monstration de cr\u00e9ation de site internet pour artisans et entreprises locales.\u00a0\u00a0 \u00a0 Propri\u00e9t\u00e9 du site\u00a0 \u00a0 Le site est la propri\u00e9t\u00e9 de BKN [&hellip;]\" \/>\n<meta property=\"og:url\" content=\"https:\/\/bkn-plomberie.fr\/index.php\/mentions-legales\/\" \/>\n<meta property=\"og:site_name\" content=\"DUPONT BTP LYON\" \/>\n<meta property=\"article:modified_time\" content=\"2026-03-11T16:06:03+00:00\" \/>\n<meta name=\"twitter:card\" content=\"summary_large_image\" \/>\n<meta name=\"twitter:label1\" content=\"Dur\u00e9e de lecture estim\u00e9e\" \/>\n\t<meta name=\"twitter:data1\" content=\"1 minute\" \/>\n<script type=\"application\/ld+json\" class=\"yoast-schema-graph\">{\"@context\":\"https:\/\/schema.org\",\"@graph\":[{\"@type\":\"WebPage\",\"@id\":\"https:\/\/bkn-plomberie.fr\/index.php\/mentions-legales\/\",\"url\":\"https:\/\/bkn-plomberie.fr\/index.php\/mentions-legales\/\",\"name\":\"Mentions l\u00e9gales - DUPONT BTP LYON\",\"isPartOf\":{\"@id\":\"https:\/\/bkn-plomberie.fr\/#website\"},\"datePublished\":\"2026-03-11T15:56:57+00:00\",\"dateModified\":\"2026-03-11T16:06:03+00:00\",\"breadcrumb\":{\"@id\":\"https:\/\/bkn-plomberie.fr\/index.php\/mentions-legales\/#breadcrumb\"},\"inLanguage\":\"fr-FR\",\"potentialAction\":[{\"@type\":\"ReadAction\",\"target\":[\"https:\/\/bkn-plomberie.fr\/index.php\/mentions-legales\/\"]}]},{\"@type\":\"BreadcrumbList\",\"@id\":\"https:\/\/bkn-plomberie.fr\/index.php\/mentions-legales\/#breadcrumb\",\"itemListElement\":[{\"@type\":\"ListItem\",\"position\":1,\"name\":\"Accueil\",\"item\":\"https:\/\/bkn-plomberie.fr\/\"},{\"@type\":\"ListItem\",\"position\":2,\"name\":\"Mentions l\u00e9gales\"}]},{\"@type\":\"WebSite\",\"@id\":\"https:\/\/bkn-plomberie.fr\/#website\",\"url\":\"https:\/\/bkn-plomberie.fr\/\",\"name\":\"DUPONT BTP LYON\",\"description\":\"\",\"publisher\":{\"@id\":\"https:\/\/bkn-plomberie.fr\/#organization\"},\"potentialAction\":[{\"@type\":\"SearchAction\",\"target\":{\"@type\":\"EntryPoint\",\"urlTemplate\":\"https:\/\/bkn-plomberie.fr\/?s={search_term_string}\"},\"query-input\":{\"@type\":\"PropertyValueSpecification\",\"valueRequired\":true,\"valueName\":\"search_term_string\"}}],\"inLanguage\":\"fr-FR\"},{\"@type\":\"Organization\",\"@id\":\"https:\/\/bkn-plomberie.fr\/#organization\",\"name\":\"DUPONT BTP LYON\",\"url\":\"https:\/\/bkn-plomberie.fr\/\",\"logo\":{\"@type\":\"ImageObject\",\"inLanguage\":\"fr-FR\",\"@id\":\"https:\/\/bkn-plomberie.fr\/#\/schema\/logo\/image\/\",\"url\":\"https:\/\/bkn-plomberie.fr\/wp-content\/uploads\/2026\/02\/cropped-FFE9DDED-F8E6-4E4D-AA57-31227130EEC1.png\",\"contentUrl\":\"https:\/\/bkn-plomberie.fr\/wp-content\/uploads\/2026\/02\/cropped-FFE9DDED-F8E6-4E4D-AA57-31227130EEC1.png\",\"width\":512,\"height\":358,\"caption\":\"DUPONT BTP LYON \"},\"image\":{\"@id\":\"https:\/\/bkn-plomberie.fr\/#\/schema\/logo\/image\/\"}}]}<\/script>\n<!-- \/ Yoast SEO plugin. -->","yoast_head_json":{"title":"Mentions l\u00e9gales - DUPONT BTP LYON","robots":{"index":"index","follow":"follow","max-snippet":"max-snippet:-1","max-image-preview":"max-image-preview:large","max-video-preview":"max-video-preview:-1"},"canonical":"https:\/\/bkn-plomberie.fr\/index.php\/mentions-legales\/","og_locale":"fr_FR","og_type":"article","og_title":"Mentions l\u00e9gales - DUPONT BTP LYON","og_description":"Mentions l\u00e9gales Editeur du site\u00a0 \u00a0 Ce site internet est un site de d\u00e9monstration r\u00e9alis\u00e9 par : BKN Informatique\u00a0 Entreprise individuelle\u00a0 France\u00a0 \u00a0 Ce site\u00a0 a \u00e9t\u00e9 cr\u00e9\u00e9 dans le cadre d&rsquo;une d\u00e9monstration de cr\u00e9ation de site internet pour artisans et entreprises locales.\u00a0\u00a0 \u00a0 Propri\u00e9t\u00e9 du site\u00a0 \u00a0 Le site est la propri\u00e9t\u00e9 de BKN [&hellip;]","og_url":"https:\/\/bkn-plomberie.fr\/index.php\/mentions-legales\/","og_site_name":"DUPONT BTP LYON","article_modified_time":"2026-03-11T16:06:03+00:00","twitter_card":"summary_large_image","twitter_misc":{"Dur\u00e9e de lecture estim\u00e9e":"1 minute"},"schema":{"@context":"https:\/\/schema.org","@graph":[{"@type":"WebPage","@id":"https:\/\/bkn-plomberie.fr\/index.php\/mentions-legales\/","url":"https:\/\/bkn-plomberie.fr\/index.php\/mentions-legales\/","name":"Mentions l\u00e9gales - DUPONT BTP LYON","isPartOf":{"@id":"https:\/\/bkn-plomberie.fr\/#website"},"datePublished":"2026-03-11T15:56:57+00:00","dateModified":"2026-03-11T16:06:03+00:00","breadcrumb":{"@id":"https:\/\/bkn-plomberie.fr\/index.php\/mentions-legales\/#breadcrumb"},"inLanguage":"fr-FR","potentialAction":[{"@type":"ReadAction","target":["https:\/\/bkn-plomberie.fr\/index.php\/mentions-legales\/"]}]},{"@type":"BreadcrumbList","@id":"https:\/\/bkn-plomberie.fr\/index.php\/mentions-legales\/#breadcrumb","itemListElement":[{"@type":"ListItem","position":1,"name":"Accueil","item":"https:\/\/bkn-plomberie.fr\/"},{"@type":"ListItem","position":2,"name":"Mentions l\u00e9gales"}]},{"@type":"WebSite","@id":"https:\/\/bkn-plomberie.fr\/#website","url":"https:\/\/bkn-plomberie.fr\/","name":"DUPONT BTP LYON","description":"","publisher":{"@id":"https:\/\/bkn-plomberie.fr\/#organization"},"potentialAction":[{"@type":"SearchAction","target":{"@type":"EntryPoint","urlTemplate":"https:\/\/bkn-plomberie.fr\/?s={search_term_string}"},"query-input":{"@type":"PropertyValueSpecification","valueRequired":true,"valueName":"search_term_string"}}],"inLanguage":"fr-FR"},{"@type":"Organization","@id":"https:\/\/bkn-plomberie.fr\/#organization","name":"DUPONT BTP LYON","url":"https:\/\/bkn-plomberie.fr\/","logo":{"@type":"ImageObject","inLanguage":"fr-FR","@id":"https:\/\/bkn-plomberie.fr\/#\/schema\/logo\/image\/","url":"https:\/\/bkn-plomberie.fr\/wp-content\/uploads\/2026\/02\/cropped-FFE9DDED-F8E6-4E4D-AA57-31227130EEC1.png","contentUrl":"https:\/\/bkn-plomberie.fr\/wp-content\/uploads\/2026\/02\/cropped-FFE9DDED-F8E6-4E4D-AA57-31227130EEC1.png","width":512,"height":358,"caption":"DUPONT BTP LYON "},"image":{"@id":"https:\/\/bkn-plomberie.fr\/#\/schema\/logo\/image\/"}}]}},"_links":{"self":[{"href":"https:\/\/bkn-plomberie.fr\/index.php\/wp-json\/wp\/v2\/pages\/361","targetHints":{"allow":["GET"]}}],"collection":[{"href":"https:\/\/bkn-plomberie.fr\/index.php\/wp-json\/wp\/v2\/pages"}],"about":[{"href":"https:\/\/bkn-plomberie.fr\/index.php\/wp-json\/wp\/v2\/types\/page"}],"author":[{"embeddable":true,"href":"https:\/\/bkn-plomberie.fr\/index.php\/wp-json\/wp\/v2\/users\/1"}],"replies":[{"embeddable":true,"href":"https:\/\/bkn-plomberie.fr\/index.php\/wp-json\/wp\/v2\/comments?post=361"}],"version-history":[{"count":4,"href":"https:\/\/bkn-plomberie.fr\/index.php\/wp-json\/wp\/v2\/pages\/361\/revisions"}],"predecessor-version":[{"id":368,"href":"https:\/\/bkn-plomberie.fr\/index.php\/wp-json\/wp\/v2\/pages\/361\/revisions\/368"}],"wp:attachment":[{"href":"https:\/\/bkn-plomberie.fr\/index.php\/wp-json\/wp\/v2\/media?parent=361"}],"curies":[{"name":"wp","href":"https:\/\/api.w.org\/{rel}","templated":true}]}}