{"id":363,"date":"2026-03-11T16:57:36","date_gmt":"2026-03-11T15:57:36","guid":{"rendered":"https:\/\/bkn-plomberie.fr\/?page_id=363"},"modified":"2026-03-11T17:11:47","modified_gmt":"2026-03-11T16:11:47","slug":"politique-de-confidentialite","status":"publish","type":"page","link":"https:\/\/bkn-plomberie.fr\/index.php\/politique-de-confidentialite\/","title":{"rendered":"Politique de confidentialit\u00e9"},"content":{"rendered":"\t\t<div data-elementor-type=\"wp-page\" data-elementor-id=\"363\" class=\"elementor elementor-363\">\n\t\t\t\t<div class=\"elementor-element elementor-element-6fb93a7 e-flex e-con-boxed e-con e-parent\" data-id=\"6fb93a7\" data-element_type=\"container\" data-e-type=\"container\">\n\t\t\t\t\t<div class=\"e-con-inner\">\n\t\t\t\t<div class=\"elementor-element elementor-element-b8ce0bb elementor-widget elementor-widget-heading\" data-id=\"b8ce0bb\" data-element_type=\"widget\" data-e-type=\"widget\" data-widget_type=\"heading.default\">\n\t\t\t\t\t<h2 class=\"elementor-heading-title elementor-size-default\">Politique de confidentialit\u00e9<\/h2>\t\t\t\t<\/div>\n\t\t\t\t<div class=\"elementor-element elementor-element-58a76ae elementor-widget elementor-widget-text-editor\" data-id=\"58a76ae\" data-element_type=\"widget\" data-e-type=\"widget\" data-widget_type=\"text-editor.default\">\n\t\t\t\t\t\t\t\t\t<p data-start=\"1656\" data-end=\"1726\">Ce site est un site de d\u00e9monstration r\u00e9alis\u00e9 par <strong data-start=\"1705\" data-end=\"1725\">BKN Informatique<\/strong>.<\/p><p data-start=\"1728\" data-end=\"1872\">Les informations \u00e9ventuellement transmises via les formulaires de contact sont uniquement utilis\u00e9es pour r\u00e9pondre aux demandes des utilisateurs.<\/p><p data-start=\"1874\" data-end=\"1938\">Aucune donn\u00e9e personnelle n\u2019est vendue ou transmise \u00e0 des tiers.<\/p><p data-start=\"1940\" data-end=\"2034\">Les donn\u00e9es transmises ne sont conserv\u00e9es que le temps n\u00e9cessaire au traitement de la demande.<\/p><p data-start=\"2036\" data-end=\"2168\">Conform\u00e9ment \u00e0 la r\u00e9glementation en vigueur, vous pouvez demander la suppression de vos donn\u00e9es en contactant :<br data-start=\"2147\" data-end=\"2150\" \/><a class=\"decorated-link cursor-pointer\" rel=\"noopener\" data-start=\"2150\" data-end=\"2168\">bkn.informatique@gmail.com<\/a><\/p>\t\t\t\t\t\t\t\t<\/div>\n\t\t\t\t\t<\/div>\n\t\t\t\t<\/div>\n\t\t\t\t<\/div>\n\t\t","protected":false},"excerpt":{"rendered":"<p>Politique de confidentialit\u00e9 Ce site est un site de d\u00e9monstration r\u00e9alis\u00e9 par BKN Informatique. Les informations \u00e9ventuellement transmises via les formulaires de contact sont uniquement utilis\u00e9es pour r\u00e9pondre aux demandes des utilisateurs. Aucune donn\u00e9e personnelle n\u2019est vendue ou transmise \u00e0 des tiers. Les donn\u00e9es transmises ne sont conserv\u00e9es que le temps n\u00e9cessaire au traitement de [&hellip;]<\/p>\n","protected":false},"author":1,"featured_media":0,"parent":0,"menu_order":0,"comment_status":"closed","ping_status":"closed","template":"","meta":{"footnotes":""},"class_list":["post-363","page","type-page","status-publish","hentry","entry"],"yoast_head":"<!-- This site is optimized with the Yoast SEO plugin v27.1.1 - https:\/\/yoast.com\/product\/yoast-seo-wordpress\/ -->\n<title>Politique de confidentialit\u00e9 - DUPONT BTP LYON<\/title>\n<meta name=\"robots\" content=\"index, follow, max-snippet:-1, max-image-preview:large, max-video-preview:-1\" \/>\n<link rel=\"canonical\" href=\"https:\/\/bkn-plomberie.fr\/index.php\/politique-de-confidentialite\/\" \/>\n<meta property=\"og:locale\" content=\"fr_FR\" \/>\n<meta property=\"og:type\" content=\"article\" \/>\n<meta property=\"og:title\" content=\"Politique de confidentialit\u00e9 - DUPONT BTP LYON\" \/>\n<meta property=\"og:description\" content=\"Politique de confidentialit\u00e9 Ce site est un site de d\u00e9monstration r\u00e9alis\u00e9 par BKN Informatique. Les informations \u00e9ventuellement transmises via les formulaires de contact sont uniquement utilis\u00e9es pour r\u00e9pondre aux demandes des utilisateurs. Aucune donn\u00e9e personnelle n\u2019est vendue ou transmise \u00e0 des tiers. Les donn\u00e9es transmises ne sont conserv\u00e9es que le temps n\u00e9cessaire au traitement de [&hellip;]\" \/>\n<meta property=\"og:url\" content=\"https:\/\/bkn-plomberie.fr\/index.php\/politique-de-confidentialite\/\" \/>\n<meta property=\"og:site_name\" content=\"DUPONT BTP LYON\" \/>\n<meta property=\"article:modified_time\" content=\"2026-03-11T16:11:47+00:00\" \/>\n<meta name=\"twitter:card\" content=\"summary_large_image\" \/>\n<script type=\"application\/ld+json\" class=\"yoast-schema-graph\">{\"@context\":\"https:\/\/schema.org\",\"@graph\":[{\"@type\":\"WebPage\",\"@id\":\"https:\/\/bkn-plomberie.fr\/index.php\/politique-de-confidentialite\/\",\"url\":\"https:\/\/bkn-plomberie.fr\/index.php\/politique-de-confidentialite\/\",\"name\":\"Politique de confidentialit\u00e9 - DUPONT BTP LYON\",\"isPartOf\":{\"@id\":\"https:\/\/bkn-plomberie.fr\/#website\"},\"datePublished\":\"2026-03-11T15:57:36+00:00\",\"dateModified\":\"2026-03-11T16:11:47+00:00\",\"breadcrumb\":{\"@id\":\"https:\/\/bkn-plomberie.fr\/index.php\/politique-de-confidentialite\/#breadcrumb\"},\"inLanguage\":\"fr-FR\",\"potentialAction\":[{\"@type\":\"ReadAction\",\"target\":[\"https:\/\/bkn-plomberie.fr\/index.php\/politique-de-confidentialite\/\"]}]},{\"@type\":\"BreadcrumbList\",\"@id\":\"https:\/\/bkn-plomberie.fr\/index.php\/politique-de-confidentialite\/#breadcrumb\",\"itemListElement\":[{\"@type\":\"ListItem\",\"position\":1,\"name\":\"Accueil\",\"item\":\"https:\/\/bkn-plomberie.fr\/\"},{\"@type\":\"ListItem\",\"position\":2,\"name\":\"Politique de confidentialit\u00e9\"}]},{\"@type\":\"WebSite\",\"@id\":\"https:\/\/bkn-plomberie.fr\/#website\",\"url\":\"https:\/\/bkn-plomberie.fr\/\",\"name\":\"DUPONT BTP LYON\",\"description\":\"\",\"publisher\":{\"@id\":\"https:\/\/bkn-plomberie.fr\/#organization\"},\"potentialAction\":[{\"@type\":\"SearchAction\",\"target\":{\"@type\":\"EntryPoint\",\"urlTemplate\":\"https:\/\/bkn-plomberie.fr\/?s={search_term_string}\"},\"query-input\":{\"@type\":\"PropertyValueSpecification\",\"valueRequired\":true,\"valueName\":\"search_term_string\"}}],\"inLanguage\":\"fr-FR\"},{\"@type\":\"Organization\",\"@id\":\"https:\/\/bkn-plomberie.fr\/#organization\",\"name\":\"DUPONT BTP LYON\",\"url\":\"https:\/\/bkn-plomberie.fr\/\",\"logo\":{\"@type\":\"ImageObject\",\"inLanguage\":\"fr-FR\",\"@id\":\"https:\/\/bkn-plomberie.fr\/#\/schema\/logo\/image\/\",\"url\":\"https:\/\/bkn-plomberie.fr\/wp-content\/uploads\/2026\/02\/cropped-FFE9DDED-F8E6-4E4D-AA57-31227130EEC1.png\",\"contentUrl\":\"https:\/\/bkn-plomberie.fr\/wp-content\/uploads\/2026\/02\/cropped-FFE9DDED-F8E6-4E4D-AA57-31227130EEC1.png\",\"width\":512,\"height\":358,\"caption\":\"DUPONT BTP LYON \"},\"image\":{\"@id\":\"https:\/\/bkn-plomberie.fr\/#\/schema\/logo\/image\/\"}}]}<\/script>\n<!-- \/ Yoast SEO plugin. -->","yoast_head_json":{"title":"Politique de confidentialit\u00e9 - DUPONT BTP LYON","robots":{"index":"index","follow":"follow","max-snippet":"max-snippet:-1","max-image-preview":"max-image-preview:large","max-video-preview":"max-video-preview:-1"},"canonical":"https:\/\/bkn-plomberie.fr\/index.php\/politique-de-confidentialite\/","og_locale":"fr_FR","og_type":"article","og_title":"Politique de confidentialit\u00e9 - DUPONT BTP LYON","og_description":"Politique de confidentialit\u00e9 Ce site est un site de d\u00e9monstration r\u00e9alis\u00e9 par BKN Informatique. Les informations \u00e9ventuellement transmises via les formulaires de contact sont uniquement utilis\u00e9es pour r\u00e9pondre aux demandes des utilisateurs. Aucune donn\u00e9e personnelle n\u2019est vendue ou transmise \u00e0 des tiers. Les donn\u00e9es transmises ne sont conserv\u00e9es que le temps n\u00e9cessaire au traitement de [&hellip;]","og_url":"https:\/\/bkn-plomberie.fr\/index.php\/politique-de-confidentialite\/","og_site_name":"DUPONT BTP LYON","article_modified_time":"2026-03-11T16:11:47+00:00","twitter_card":"summary_large_image","schema":{"@context":"https:\/\/schema.org","@graph":[{"@type":"WebPage","@id":"https:\/\/bkn-plomberie.fr\/index.php\/politique-de-confidentialite\/","url":"https:\/\/bkn-plomberie.fr\/index.php\/politique-de-confidentialite\/","name":"Politique de confidentialit\u00e9 - DUPONT BTP LYON","isPartOf":{"@id":"https:\/\/bkn-plomberie.fr\/#website"},"datePublished":"2026-03-11T15:57:36+00:00","dateModified":"2026-03-11T16:11:47+00:00","breadcrumb":{"@id":"https:\/\/bkn-plomberie.fr\/index.php\/politique-de-confidentialite\/#breadcrumb"},"inLanguage":"fr-FR","potentialAction":[{"@type":"ReadAction","target":["https:\/\/bkn-plomberie.fr\/index.php\/politique-de-confidentialite\/"]}]},{"@type":"BreadcrumbList","@id":"https:\/\/bkn-plomberie.fr\/index.php\/politique-de-confidentialite\/#breadcrumb","itemListElement":[{"@type":"ListItem","position":1,"name":"Accueil","item":"https:\/\/bkn-plomberie.fr\/"},{"@type":"ListItem","position":2,"name":"Politique de confidentialit\u00e9"}]},{"@type":"WebSite","@id":"https:\/\/bkn-plomberie.fr\/#website","url":"https:\/\/bkn-plomberie.fr\/","name":"DUPONT BTP LYON","description":"","publisher":{"@id":"https:\/\/bkn-plomberie.fr\/#organization"},"potentialAction":[{"@type":"SearchAction","target":{"@type":"EntryPoint","urlTemplate":"https:\/\/bkn-plomberie.fr\/?s={search_term_string}"},"query-input":{"@type":"PropertyValueSpecification","valueRequired":true,"valueName":"search_term_string"}}],"inLanguage":"fr-FR"},{"@type":"Organization","@id":"https:\/\/bkn-plomberie.fr\/#organization","name":"DUPONT BTP LYON","url":"https:\/\/bkn-plomberie.fr\/","logo":{"@type":"ImageObject","inLanguage":"fr-FR","@id":"https:\/\/bkn-plomberie.fr\/#\/schema\/logo\/image\/","url":"https:\/\/bkn-plomberie.fr\/wp-content\/uploads\/2026\/02\/cropped-FFE9DDED-F8E6-4E4D-AA57-31227130EEC1.png","contentUrl":"https:\/\/bkn-plomberie.fr\/wp-content\/uploads\/2026\/02\/cropped-FFE9DDED-F8E6-4E4D-AA57-31227130EEC1.png","width":512,"height":358,"caption":"DUPONT BTP LYON "},"image":{"@id":"https:\/\/bkn-plomberie.fr\/#\/schema\/logo\/image\/"}}]}},"_links":{"self":[{"href":"https:\/\/bkn-plomberie.fr\/index.php\/wp-json\/wp\/v2\/pages\/363","targetHints":{"allow":["GET"]}}],"collection":[{"href":"https:\/\/bkn-plomberie.fr\/index.php\/wp-json\/wp\/v2\/pages"}],"about":[{"href":"https:\/\/bkn-plomberie.fr\/index.php\/wp-json\/wp\/v2\/types\/page"}],"author":[{"embeddable":true,"href":"https:\/\/bkn-plomberie.fr\/index.php\/wp-json\/wp\/v2\/users\/1"}],"replies":[{"embeddable":true,"href":"https:\/\/bkn-plomberie.fr\/index.php\/wp-json\/wp\/v2\/comments?post=363"}],"version-history":[{"count":4,"href":"https:\/\/bkn-plomberie.fr\/index.php\/wp-json\/wp\/v2\/pages\/363\/revisions"}],"predecessor-version":[{"id":372,"href":"https:\/\/bkn-plomberie.fr\/index.php\/wp-json\/wp\/v2\/pages\/363\/revisions\/372"}],"wp:attachment":[{"href":"https:\/\/bkn-plomberie.fr\/index.php\/wp-json\/wp\/v2\/media?parent=363"}],"curies":[{"name":"wp","href":"https:\/\/api.w.org\/{rel}","templated":true}]}}